{"id":2968,"date":"2024-01-10T13:24:05","date_gmt":"2024-01-10T11:24:05","guid":{"rendered":"https:\/\/praemien-staging.blutspende-basel.ch\/index.php\/produkt\/hotel-drei-koenig-afternoon-tea-deluxe\/"},"modified":"2026-01-14T19:19:34","modified_gmt":"2026-01-14T17:19:34","slug":"hotel-drei-koenig-afternoon-tea-deluxe","status":"publish","type":"product","link":"https:\/\/praemien-staging.blutspende-basel.ch\/index.php\/produkt\/hotel-drei-koenig-afternoon-tea-deluxe\/","title":{"rendered":"Hotel Drei K\u00f6nig | Afternoon Tea"},"content":{"rendered":"<p><strong>Afternoon Tea &#171;Deluxe&#187;<br \/>\n<\/strong>Mit verf\u00fchrerischen K\u00f6stlichkeiten, delikaten Sandwiches, S\u00fcssgeb\u00e4ck und einer Auswahl aromatischer Teevariationen aus dem Haus \u00abL\u2019art du th\u00e9\u00bb in Luzern.<\/p>\n<p><strong>Afternoon Tea \u00abRoyal\u00bb<br \/>\n<\/strong>Mit verf\u00fchrerischen K\u00f6stlichkeiten, delikaten Sandwiches, S\u00fcssgeb\u00e4ck und einer Auswahl aromatischer Teevariationen aus dem Haus \u00abL\u2019art du th\u00e9\u00bb in Luzern und einem Glas Champagner R de Ruinart.<\/p>\n<p>T\u00e4glich, 14 bis 16 Uhr und 16.30 bis 18.30 Uhr in der Lobby des Hotel Drei K\u00f6nig.<\/p>\n<p>Infos:\u00a0<a href=\"https:\/\/www.lestroisrois.com\/de\/restaurants\/afternoon-tea?gclid=EAIaIQobChMI8_38irvo_gIVFcvVCh2DsQAeEAAYASAIEgI4KvD_BwE\" target=\"_blank\" rel=\"noopener\">lestroisrois.com<\/a><br \/>\nCopyright: Grand Hotel Les Trois Rois<\/p>\n","protected":false},"excerpt":{"rendered":"<p>Afternoon Tea &#171;Deluxe&#187; Mit verf\u00fchrerischen K\u00f6stlichkeiten, delikaten Sandwiches, S\u00fcssgeb\u00e4ck und einer Auswahl aromatischer Teevariationen aus dem Haus \u00abL\u2019art du th\u00e9\u00bb in Luzern. Afternoon Tea \u00abRoyal\u00bb Mit verf\u00fchrerischen K\u00f6stlichkeiten, delikaten Sandwiches, S\u00fcssgeb\u00e4ck und einer Auswahl aromatischer Teevariationen aus dem Haus \u00abL\u2019art du th\u00e9\u00bb in Luzern und einem Glas Champagner R de Ruinart. T\u00e4glich, 14 bis 16 [&hellip;]<\/p>\n","protected":false},"featured_media":395,"template":"","meta":{"_acf_changed":false},"product_brand":[],"product_cat":[36],"product_tag":[44,24,26,25],"class_list":{"0":"post-2968","1":"product","2":"type-product","3":"status-publish","4":"has-post-thumbnail","6":"product_cat-verpflegung","7":"product_tag-afternoon-tea-royal","8":"product_tag-freizeit","9":"product_tag-gutschein","10":"product_tag-spenderpraemie","12":"first","13":"instock","14":"purchasable","15":"product-type-variable"},"acf":[],"_links":{"self":[{"href":"https:\/\/praemien-staging.blutspende-basel.ch\/index.php\/wp-json\/wp\/v2\/product\/2968","targetHints":{"allow":["GET"]}}],"collection":[{"href":"https:\/\/praemien-staging.blutspende-basel.ch\/index.php\/wp-json\/wp\/v2\/product"}],"about":[{"href":"https:\/\/praemien-staging.blutspende-basel.ch\/index.php\/wp-json\/wp\/v2\/types\/product"}],"wp:featuredmedia":[{"embeddable":true,"href":"https:\/\/praemien-staging.blutspende-basel.ch\/index.php\/wp-json\/wp\/v2\/media\/395"}],"wp:attachment":[{"href":"https:\/\/praemien-staging.blutspende-basel.ch\/index.php\/wp-json\/wp\/v2\/media?parent=2968"}],"wp:term":[{"taxonomy":"product_brand","embeddable":true,"href":"https:\/\/praemien-staging.blutspende-basel.ch\/index.php\/wp-json\/wp\/v2\/product_brand?post=2968"},{"taxonomy":"product_cat","embeddable":true,"href":"https:\/\/praemien-staging.blutspende-basel.ch\/index.php\/wp-json\/wp\/v2\/product_cat?post=2968"},{"taxonomy":"product_tag","embeddable":true,"href":"https:\/\/praemien-staging.blutspende-basel.ch\/index.php\/wp-json\/wp\/v2\/product_tag?post=2968"}],"curies":[{"name":"wp","href":"https:\/\/api.w.org\/{rel}","templated":true}]}}