{"id":3044,"date":"2025-09-22T09:40:17","date_gmt":"2025-09-22T07:40:17","guid":{"rendered":"https:\/\/praemien-staging.blutspende-basel.ch\/index.php\/produkt\/reka-2\/"},"modified":"2026-01-14T19:19:27","modified_gmt":"2026-01-14T17:19:27","slug":"reka-2","status":"publish","type":"product","link":"https:\/\/praemien-staging.blutspende-basel.ch\/index.php\/produkt\/reka-2\/","title":{"rendered":"Reka Gutschein"},"content":{"rendered":"<p>\u00dcber 6\u202f000 Einl\u00f6seorte \u2013 von Hotels und Restaurants \u00fcber \u00f6ffentliche Verkehrsmittel bis hin zu Freizeit- und Mobilit\u00e4tsangeboten \u2013 bereiten Ferien, Genuss und Erlebnisse.<\/p>\n<p>Foto Credit: reka.ch<\/p>\n<p>Webseite: https:\/\/reka.ch\/de\/rekageld\/privatpersonen\/gutscheine<\/p>\n","protected":false},"excerpt":{"rendered":"<p>\u00dcber 6\u202f000 Einl\u00f6seorte \u2013 von Hotels und Restaurants \u00fcber \u00f6ffentliche Verkehrsmittel bis hin zu Freizeit- und Mobilit\u00e4tsangeboten \u2013 bereiten Ferien, Genuss und Erlebnisse. Foto Credit: reka.ch Webseite: https:\/\/reka.ch\/de\/rekageld\/privatpersonen\/gutscheine<\/p>\n","protected":false},"featured_media":764,"template":"","meta":{"_acf_changed":false},"product_brand":[],"product_cat":[22,18],"product_tag":[],"class_list":{"0":"post-3044","1":"product","2":"type-product","3":"status-publish","4":"has-post-thumbnail","6":"product_cat-freizeit-2","7":"product_cat-gutscheine","9":"first","10":"instock","11":"shipping-taxable","12":"purchasable","13":"product-type-variable"},"acf":[],"_links":{"self":[{"href":"https:\/\/praemien-staging.blutspende-basel.ch\/index.php\/wp-json\/wp\/v2\/product\/3044","targetHints":{"allow":["GET"]}}],"collection":[{"href":"https:\/\/praemien-staging.blutspende-basel.ch\/index.php\/wp-json\/wp\/v2\/product"}],"about":[{"href":"https:\/\/praemien-staging.blutspende-basel.ch\/index.php\/wp-json\/wp\/v2\/types\/product"}],"wp:featuredmedia":[{"embeddable":true,"href":"https:\/\/praemien-staging.blutspende-basel.ch\/index.php\/wp-json\/wp\/v2\/media\/764"}],"wp:attachment":[{"href":"https:\/\/praemien-staging.blutspende-basel.ch\/index.php\/wp-json\/wp\/v2\/media?parent=3044"}],"wp:term":[{"taxonomy":"product_brand","embeddable":true,"href":"https:\/\/praemien-staging.blutspende-basel.ch\/index.php\/wp-json\/wp\/v2\/product_brand?post=3044"},{"taxonomy":"product_cat","embeddable":true,"href":"https:\/\/praemien-staging.blutspende-basel.ch\/index.php\/wp-json\/wp\/v2\/product_cat?post=3044"},{"taxonomy":"product_tag","embeddable":true,"href":"https:\/\/praemien-staging.blutspende-basel.ch\/index.php\/wp-json\/wp\/v2\/product_tag?post=3044"}],"curies":[{"name":"wp","href":"https:\/\/api.w.org\/{rel}","templated":true}]}}