{"id":3202,"date":"2025-11-19T09:08:43","date_gmt":"2025-11-19T07:08:43","guid":{"rendered":"https:\/\/praemien-staging.blutspende-basel.ch\/index.php\/produkt\/einkaufsgutschein-zofingen\/"},"modified":"2026-01-14T19:19:47","modified_gmt":"2026-01-14T17:19:47","slug":"einkaufsgutschein-zofingen","status":"publish","type":"product","link":"https:\/\/praemien-staging.blutspende-basel.ch\/index.php\/produkt\/einkaufsgutschein-zofingen\/","title":{"rendered":"Einkaufsgutschein Zofingen"},"content":{"rendered":"<p>weitere Infos: <a href=\"https:\/\/www.gewerbe-zofingen.ch\/?rub=269\">https:\/\/www.gewerbe-zofingen.ch\/?rub=269<\/a><\/p>\n","protected":false},"excerpt":{"rendered":"<p>Der Gutschein der Zofinger Fachgesch\u00e4fte bietet eine unkomplizierte M\u00f6glichkeit, in zahlreichen lokalen Gesch\u00e4ften flexibel einzukaufen und die Vielfalt des Angebots in Zofingen zu nutzen.<\/p>\n","protected":false},"featured_media":1781,"template":"","meta":{"_acf_changed":false},"product_brand":[],"product_cat":[18,32],"product_tag":[],"class_list":{"0":"post-3202","1":"product","2":"type-product","3":"status-publish","4":"has-post-thumbnail","6":"product_cat-gutscheine","7":"product_cat-shopping","9":"first","10":"instock","11":"shipping-taxable","12":"purchasable","13":"product-type-variable"},"acf":[],"_links":{"self":[{"href":"https:\/\/praemien-staging.blutspende-basel.ch\/index.php\/wp-json\/wp\/v2\/product\/3202","targetHints":{"allow":["GET"]}}],"collection":[{"href":"https:\/\/praemien-staging.blutspende-basel.ch\/index.php\/wp-json\/wp\/v2\/product"}],"about":[{"href":"https:\/\/praemien-staging.blutspende-basel.ch\/index.php\/wp-json\/wp\/v2\/types\/product"}],"wp:featuredmedia":[{"embeddable":true,"href":"https:\/\/praemien-staging.blutspende-basel.ch\/index.php\/wp-json\/wp\/v2\/media\/1781"}],"wp:attachment":[{"href":"https:\/\/praemien-staging.blutspende-basel.ch\/index.php\/wp-json\/wp\/v2\/media?parent=3202"}],"wp:term":[{"taxonomy":"product_brand","embeddable":true,"href":"https:\/\/praemien-staging.blutspende-basel.ch\/index.php\/wp-json\/wp\/v2\/product_brand?post=3202"},{"taxonomy":"product_cat","embeddable":true,"href":"https:\/\/praemien-staging.blutspende-basel.ch\/index.php\/wp-json\/wp\/v2\/product_cat?post=3202"},{"taxonomy":"product_tag","embeddable":true,"href":"https:\/\/praemien-staging.blutspende-basel.ch\/index.php\/wp-json\/wp\/v2\/product_tag?post=3202"}],"curies":[{"name":"wp","href":"https:\/\/api.w.org\/{rel}","templated":true}]}}