{"id":3269,"date":"2023-03-19T22:38:23","date_gmt":"2023-03-19T20:38:23","guid":{"rendered":"https:\/\/praemien-staging.blutspende-basel.ch\/index.php\/produkt\/cupcake-affair-basel\/"},"modified":"2026-01-14T19:18:59","modified_gmt":"2026-01-14T17:18:59","slug":"cupcake-affair-basel","status":"publish","type":"product","link":"https:\/\/praemien-staging.blutspende-basel.ch\/index.php\/produkt\/cupcake-affair-basel\/","title":{"rendered":"Bonne Maman Cupcakes | Gutschein"},"content":{"rendered":"<p>Ob vor Ort einen leckeren Cupcake geniessen oder eine Box voller Cupcakes zum Mitnehmen und gem\u00fctlich zu Hause teilen (oder nicht).<br \/>\nDie perfekte L\u00f6sung f\u00fcr eine genussvolle Pause, die man doch \u00f6fters im Jahr braucht!<\/p>\n<div class=\"tel-detail-address\"><span class=\"adr\"><span class=\"street-address\">\u00a0<\/span><\/span><\/div>\n<div><\/div>\n<div>Website: <a href=\"http:\/\/www.cupcake-affair.ch\" target=\"_blank\" rel=\"noopener\">bonnemaman.ch<\/a><\/div>\n<p><strong>\u00a0<\/strong><\/p>\n","protected":false},"excerpt":{"rendered":"<p>50 Spenderpunkte<\/p>\n","protected":false},"featured_media":392,"template":"","meta":{"_acf_changed":false},"product_brand":[],"product_cat":[51,36],"product_tag":[45,26,33,25],"class_list":{"0":"post-3269","1":"product","2":"type-product","3":"status-publish","4":"has-post-thumbnail","6":"product_cat-basel","7":"product_cat-verpflegung","8":"product_tag-cupcake-affair-basel","9":"product_tag-gutschein","10":"product_tag-shopping","11":"product_tag-spenderpraemie","13":"first","14":"instock","15":"purchasable","16":"product-type-simple"},"acf":[],"_links":{"self":[{"href":"https:\/\/praemien-staging.blutspende-basel.ch\/index.php\/wp-json\/wp\/v2\/product\/3269","targetHints":{"allow":["GET"]}}],"collection":[{"href":"https:\/\/praemien-staging.blutspende-basel.ch\/index.php\/wp-json\/wp\/v2\/product"}],"about":[{"href":"https:\/\/praemien-staging.blutspende-basel.ch\/index.php\/wp-json\/wp\/v2\/types\/product"}],"wp:featuredmedia":[{"embeddable":true,"href":"https:\/\/praemien-staging.blutspende-basel.ch\/index.php\/wp-json\/wp\/v2\/media\/392"}],"wp:attachment":[{"href":"https:\/\/praemien-staging.blutspende-basel.ch\/index.php\/wp-json\/wp\/v2\/media?parent=3269"}],"wp:term":[{"taxonomy":"product_brand","embeddable":true,"href":"https:\/\/praemien-staging.blutspende-basel.ch\/index.php\/wp-json\/wp\/v2\/product_brand?post=3269"},{"taxonomy":"product_cat","embeddable":true,"href":"https:\/\/praemien-staging.blutspende-basel.ch\/index.php\/wp-json\/wp\/v2\/product_cat?post=3269"},{"taxonomy":"product_tag","embeddable":true,"href":"https:\/\/praemien-staging.blutspende-basel.ch\/index.php\/wp-json\/wp\/v2\/product_tag?post=3269"}],"curies":[{"name":"wp","href":"https:\/\/api.w.org\/{rel}","templated":true}]}}